{"id":171,"date":"2023-03-23T09:40:33","date_gmt":"2023-03-23T08:40:33","guid":{"rendered":"https:\/\/24din.eu\/?page_id=171"},"modified":"2023-04-08T00:22:35","modified_gmt":"2023-04-07T22:22:35","slug":"podroze-male-i-duze","status":"publish","type":"page","link":"https:\/\/24din.eu\/index.php\/podroze-male-i-duze\/","title":{"rendered":"Podr\u00f3\u017ce ma\u0142e i du\u017ce"},"content":{"rendered":"\n<ul class=\"wp-block-list\">\n<li>Ksi\u0105\u017ca\u0144ski Park Krajobrazowy (I)<\/li>\n\n\n\n<li><a href=\"https:\/\/24din.eu\/index.php\/karkonosze\/\" target=\"_blank\" rel=\"noreferrer noopener\">Karkonosze I<\/a><\/li>\n<\/ul>\n","protected":false},"excerpt":{"rendered":"","protected":false},"author":1,"featured_media":172,"parent":0,"menu_order":0,"comment_status":"closed","ping_status":"closed","template":"template-hero.php","meta":{"_vp_format_video_url":"","_vp_image_focal_point":[],"footnotes":""},"class_list":["post-171","page","type-page","status-publish","has-post-thumbnail","hentry"],"_links":{"self":[{"href":"https:\/\/24din.eu\/index.php\/wp-json\/wp\/v2\/pages\/171","targetHints":{"allow":["GET"]}}],"collection":[{"href":"https:\/\/24din.eu\/index.php\/wp-json\/wp\/v2\/pages"}],"about":[{"href":"https:\/\/24din.eu\/index.php\/wp-json\/wp\/v2\/types\/page"}],"author":[{"embeddable":true,"href":"https:\/\/24din.eu\/index.php\/wp-json\/wp\/v2\/users\/1"}],"replies":[{"embeddable":true,"href":"https:\/\/24din.eu\/index.php\/wp-json\/wp\/v2\/comments?post=171"}],"version-history":[{"count":2,"href":"https:\/\/24din.eu\/index.php\/wp-json\/wp\/v2\/pages\/171\/revisions"}],"predecessor-version":[{"id":313,"href":"https:\/\/24din.eu\/index.php\/wp-json\/wp\/v2\/pages\/171\/revisions\/313"}],"wp:featuredmedia":[{"embeddable":true,"href":"https:\/\/24din.eu\/index.php\/wp-json\/wp\/v2\/media\/172"}],"wp:attachment":[{"href":"https:\/\/24din.eu\/index.php\/wp-json\/wp\/v2\/media?parent=171"}],"curies":[{"name":"wp","href":"https:\/\/api.w.org\/{rel}","templated":true}]}}